{"id":2460,"date":"2018-08-06T09:25:38","date_gmt":"2018-08-06T09:25:38","guid":{"rendered":"https:\/\/demo.harutheme.com\/formota\/?page_id=2460"},"modified":"2023-05-09T00:32:59","modified_gmt":"2023-05-09T00:32:59","slug":"about-me","status":"publish","type":"page","link":"https:\/\/luisarturofreitez.com\/?page_id=2460","title":{"rendered":"About Me"},"content":{"rendered":"<section class=\"wpb-content-wrapper\"><p>[vc_row full_width=&#8221;stretch_row&#8221; css=&#8221;.vc_custom_1683590840859{padding-top: 25% !important;padding-bottom: 25% !important;background-image: url(https:\/\/luisarturofreitez.com\/wp-content\/uploads\/2023\/05\/8f81b494-6cd3-42e7-bf21-f7fa90cdd9ea-1.png?id=3844) !important;background-position: center !important;background-repeat: no-repeat !important;background-size: cover !important;}&#8221;][vc_column][vc_row_inner][vc_column_inner][vc_custom_heading heading_style=&#8221;heading_style_4&#8243; text=&#8221;Luis Arturo Freitez&#8221; font_container=&#8221;tag:h2|text_align:center|color:%23ffffff&#8221; use_theme_fonts=&#8221;yes&#8221; css=&#8221;.vc_custom_1683587492755{padding-bottom: 2% !important;}&#8221; el_class=&#8221;fs-100&#8243;][vc_custom_heading heading_style=&#8221;heading_style_1&#8243; text=&#8221;DP | Director | Filmmaker&#8221; font_container=&#8221;tag:h2|text_align:center|color:%23ffffff&#8221; use_theme_fonts=&#8221;yes&#8221;][\/vc_column_inner][\/vc_row_inner][\/vc_column][\/vc_row][vc_row css=&#8221;.vc_custom_1533626221625{padding-top: 5% !important;padding-bottom: 10% !important;}&#8221;][vc_column][vc_row_inner][vc_column_inner width=&#8221;1\/4&#8243;]                    <div class=\" \">\n                <div class=\"counter-shortcode-wrap style_1 \">\n    <div class=\"gr-counter gr-animated\">\n        <div class=\"content-inner\">\n            <div data-from=\"0\" data-to=\"2019\" class=\"gr-number-counter\">\n                2019            <\/div>\n            <div class=\"gr-text-default\">First starring<br \/>\nFilm role<\/div>\n        <\/div>\n    <\/div>\n<\/div>            <\/div>\n                [\/vc_column_inner][vc_column_inner width=&#8221;1\/4&#8243;]                    <div class=\" \">\n                <div class=\"counter-shortcode-wrap style_1 \">\n    <div class=\"gr-counter gr-animated\">\n        <div class=\"content-inner\">\n            <div data-from=\"0\" data-to=\"3000\" class=\"gr-number-counter\">\n                3000            <\/div>\n            <div class=\"gr-text-default\">Heures travaill\u00e9es<\/div>\n        <\/div>\n    <\/div>\n<\/div>            <\/div>\n                [\/vc_column_inner][vc_column_inner width=&#8221;1\/4&#8243;]                    <div class=\" \">\n                <div class=\"counter-shortcode-wrap style_1 \">\n    <div class=\"gr-counter gr-animated\">\n        <div class=\"content-inner\">\n            <div data-from=\"0\" data-to=\"5\" class=\"gr-number-counter\">\n                5            <\/div>\n            <div class=\"gr-text-default\">Feature Films<\/div>\n        <\/div>\n    <\/div>\n<\/div>            <\/div>\n                [\/vc_column_inner][vc_column_inner width=&#8221;1\/4&#8243;]                    <div class=\" \">\n                <div class=\"counter-shortcode-wrap style_1 \">\n    <div class=\"gr-counter gr-animated\">\n        <div class=\"content-inner\">\n            <div data-from=\"0\" data-to=\"6\" class=\"gr-number-counter\">\n                6            <\/div>\n            <div class=\"gr-text-default\">Festivals<\/div>\n        <\/div>\n    <\/div>\n<\/div>            <\/div>\n                [\/vc_column_inner][\/vc_row_inner][\/vc_column][\/vc_row][vc_row css=&#8221;.vc_custom_1533626259727{padding-bottom: 8% !important;}&#8221;][vc_column][vc_row_inner][vc_column_inner]                        <div class=\"  \">\n                <div class=\"introduce-shortcode-wrap style_1 \">\n    <div class=\"introduce-image\">\n        <div class=\"introduce-sign\">\n            <div class=\"title\">LF<\/div>\n                        <div class=\"sub-title\">\n                <svg version=\"1.1\" xmlns=\"http:\/\/www.w3.org\/2000\/svg\" xmlns:xlink=\"http:\/\/www.w3.org\/1999\/xlink\" x=\"0px\" y=\"0px\" width=\"180px\" height=\"180px\" viewBox=\"0 0 180 180\" enable-background=\"new 0 0 180 180\" xml:space=\"preserve\">\n                    <defs>\n                        <path id=\"circlePath\" d=\" M 75, 75 m -60, 0 a 60,60 0 0,1 120,0 a 60,60 0 0,1 -120,0 \"\/>\n                    <\/defs>\n                    <circle cx=\"75\" cy=\"100\" r=\"75\" fill=\"none\"\/>\n                    <g>\n                        <use xlink:href=\"#circlePath\" fill=\"none\"\/>\n                        <text>\n                            <textPath xlink:href=\"#circlePath\">Le r\u00e9alisateur visionnaire qui donne vie \u00e0 votre histoire<\/textPath>\n                        <\/text>\n                    <\/g>\n                <\/svg>\n            <\/div>\n                    <\/div>\n                    <img decoding=\"async\" src=\"https:\/\/luisarturofreitez.com\/wp-content\/uploads\/2023\/05\/My-project-1-6.jpg\" alt=\"LF\">\n            <\/div>\n    <div class=\"introduce-description\">\n        <div class=\"introduce-content\">\n            <div class=\"description\">Je m'appelle Luis Freitez, je suis n\u00e9 et j'ai grandi au Venezuela, mais j'ai d\u00fb \u00e9migrer en France \u00e0 la recherche d'un avenir meilleur en raison des circonstances difficiles auxquelles j'\u00e9tais confront\u00e9 dans mon pays. Depuis mon plus jeune \u00e2ge, j'ai trouv\u00e9 dans le cin\u00e9ma un moyen d'\u00e9chapper \u00e0 la dure r\u00e9alit\u00e9 qui m'entourait. J'ai d\u00e9velopp\u00e9 un amour inconditionnel pour le septi\u00e8me art, qui m'a conduit \u00e0 poursuivre mon r\u00eave de cr\u00e9er des histoires qui \u00e9voquent des sentiments intenses chez mon public.<\/p>\n<p>Je suis un filmmaker passionn\u00e9, toujours \u00e0 la recherche d'occasions d'exprimer ma cr\u00e9ativit\u00e9 et de partager mes histoires avec le monde. J'ai acquis une exp\u00e9rience significative dans l'industrie cin\u00e9matographique, ayant travaill\u00e9 sur une vari\u00e9t\u00e9 de projets, des courts-m\u00e9trages aux documentaires en passant par les films de fiction.<\/p>\n<p>Mon objectif est de raconter des histoires captivantes qui touchent le c\u0153ur de mes spectateurs. Je crois que le cin\u00e9ma est un art puissant qui peut susciter des \u00e9motions profondes et faire r\u00e9fl\u00e9chir sur des sujets importants. J'ai h\u00e2te de continuer \u00e0 travailler sur de nouveaux projets passionnants et de partager mon amour pour le cin\u00e9ma avec le monde entier.<\/div>\n                    <\/div>\n    <\/div>\n<\/div>            <\/div>\n                    [\/vc_column_inner][\/vc_row_inner][\/vc_column][\/vc_row][vc_row css=&#8221;.vc_custom_1533626661634{padding-bottom: 6% !important;}&#8221;][vc_column width=&#8221;1\/2&#8243;][vc_row_inner][vc_column_inner][vc_custom_heading heading_style=&#8221;heading_style_5&#8243; text=&#8221;(M.A.) pour les longs m\u00e9trages, les documentaires, les publicit\u00e9s et les vid\u00e9os musicales.&#8221; use_theme_fonts=&#8221;yes&#8221; pre_heading=&#8221;Luis Arturo est un&#8221; hightlight_heading=&#8221;freelancing cr\u00e9ateur audiovisuel&#8221; el_class=&#8221;about-me&#8221;][vc_column_text css=&#8221;.vc_custom_1683592212072{padding-top: 5% !important;}&#8221;][\/vc_column_text][\/vc_column_inner][\/vc_row_inner][vc_row_inner][vc_column_inner][vc_btn button_style=&#8221;button_style_7&#8243; title=&#8221;Contact Now&#8221; align=&#8221;left&#8221; link=&#8221;url:%23|||&#8221;][\/vc_column_inner][\/vc_row_inner][\/vc_column][vc_column width=&#8221;1\/2&#8243;][vc_row_inner][vc_column_inner width=&#8221;1\/2&#8243;]            \n            <div class=\" \">\n                \n<div class=\"icon-box-shortcode-wrap style_3 \">\n    <div class=\"icon-box-container\">\n        <div class=\"icon-top\">\n            <div class=\"icon-wrap\">\n                <img decoding=\"async\" src=\"https:\/\/luisarturofreitez.com\/wp-content\/uploads\/2018\/07\/icon-film-product.png\" alt=\"Film Production\">\n            <\/div>\n            <div class=\"icon-title\">\n                                    <a href=\"#\" title=\"\" target=\"_self\">\n                                <h5>Film Production<\/h5>\n                                    <\/a>\n                            <\/div>\n        <\/div>\n        <div class=\"icon-content\">\n            <p class=\"icon-description\"><\/p>\n        <\/div>\n    <\/div>\n<\/div>            <\/div>\n            \n        [\/vc_column_inner][vc_column_inner width=&#8221;1\/2&#8243;]            \n            <div class=\" \">\n                \n<div class=\"icon-box-shortcode-wrap style_3 \">\n    <div class=\"icon-box-container\">\n        <div class=\"icon-top\">\n            <div class=\"icon-wrap\">\n                <img decoding=\"async\" src=\"https:\/\/luisarturofreitez.com\/wp-content\/uploads\/2018\/07\/icon-creative-direct.png\" alt=\"Creative Direction\">\n            <\/div>\n            <div class=\"icon-title\">\n                                    <a href=\"#\" title=\"\" target=\"_self\">\n                                <h5>Creative Direction<\/h5>\n                                    <\/a>\n                            <\/div>\n        <\/div>\n        <div class=\"icon-content\">\n            <p class=\"icon-description\"><\/p>\n        <\/div>\n    <\/div>\n<\/div>            <\/div>\n            \n        [\/vc_column_inner][\/vc_row_inner][vc_row_inner css=&#8221;.vc_custom_1533624653503{padding-top: 5% !important;}&#8221;][vc_column_inner width=&#8221;1\/2&#8243;]            \n            <div class=\" \">\n                \n<div class=\"icon-box-shortcode-wrap style_3 \">\n    <div class=\"icon-box-container\">\n        <div class=\"icon-top\">\n            <div class=\"icon-wrap\">\n                <img decoding=\"async\" src=\"https:\/\/luisarturofreitez.com\/wp-content\/uploads\/2018\/07\/icon-visual-effect.png\" alt=\"Visual Effects\">\n            <\/div>\n            <div class=\"icon-title\">\n                                    <a href=\"#\" title=\"\" target=\"_self\">\n                                <h5>Visual Effects<\/h5>\n                                    <\/a>\n                            <\/div>\n        <\/div>\n        <div class=\"icon-content\">\n            <p class=\"icon-description\"><\/p>\n        <\/div>\n    <\/div>\n<\/div>            <\/div>\n            \n        [\/vc_column_inner][vc_column_inner width=&#8221;1\/2&#8243;]            \n            <div class=\" \">\n                \n<div class=\"icon-box-shortcode-wrap style_3 \">\n    <div class=\"icon-box-container\">\n        <div class=\"icon-top\">\n            <div class=\"icon-wrap\">\n                <img decoding=\"async\" src=\"https:\/\/luisarturofreitez.com\/wp-content\/uploads\/2018\/07\/icon-film-services.png\" alt=\"Filming Services\">\n            <\/div>\n            <div class=\"icon-title\">\n                                    <a href=\"#\" title=\"\" target=\"_self\">\n                                <h5>Filming Services<\/h5>\n                                    <\/a>\n                            <\/div>\n        <\/div>\n        <div class=\"icon-content\">\n            <p class=\"icon-description\"><\/p>\n        <\/div>\n    <\/div>\n<\/div>            <\/div>\n            \n        [\/vc_column_inner][\/vc_row_inner][\/vc_column][\/vc_row][vc_row full_width=&#8221;stretch_row&#8221; css=&#8221;.vc_custom_1533626718057{padding-top: 3% !important;padding-bottom: 6% !important;background-color: #f8f8f8 !important;}&#8221;][vc_column][\/vc_column][\/vc_row][vc_row css=&#8221;.vc_custom_1533626844312{padding-top: 3% !important;padding-bottom: 6% !important;}&#8221;][vc_column][vc_row_inner][vc_column_inner][vc_custom_heading heading_style=&#8221;heading_style_6&#8243; text=&#8221;featured films&#8221; font_container=&#8221;tag:h2|text_align:center&#8221; use_theme_fonts=&#8221;yes&#8221; hightlight_heading=&#8221;My&#8221;][\/vc_column_inner][\/vc_row_inner][vc_row_inner][vc_column_inner]  \n        <div class=\" \">\n                <div class=\"video-shortcode-wrapper grid \">\n        <div class=\"video-content\">\n                       <!--  <ul data-option-key=\"filter\" class=\"video-filter style_1 align_left hide\">\n                <li>\n                    <a class=\"\"\n                        href=\"javascript:;\" \n                        data-option-value=\"*\"\n                    >All<\/a>\n                <\/li>\n                                <li>\n                    <a class=\"\"\n                        href=\"javascript:;\" \n                        data-option-value =\".short-film\"\n                    >Short Film<\/a>\n                <\/li>\n                                <li>\n                    <a class=\"\"\n                        href=\"javascript:;\" \n                        data-option-value =\".commercial\"\n                    >Commercial<\/a>\n                <\/li>\n                                <li>\n                    <a class=\"\"\n                        href=\"javascript:;\" \n                        data-option-value =\".bande-annonce\"\n                    >Bande-annonce<\/a>\n                <\/li>\n                                <li>\n                    <a class=\"\"\n                        href=\"javascript:;\" \n                        data-option-value =\".court-metrage\"\n                    >Court-m\u00e9trage<\/a>\n                <\/li>\n                            <\/ul> -->\n                        <ul data-option-key=\"filter\" class=\"video-filter style_1 align_left hide\"><li><a class=\"\" href=\";\" data-option-value=\"*\">All<\/a><\/li><li><a href=\"#\" data-option-value=\".bande-annonce\" title=\"Bande-annonce\">Bande-annonce<\/a><\/li><li><a href=\"#\" data-option-value=\".commercial\" title=\"Commercial\">Commercial<\/a><\/li><li><a href=\"#\" data-option-value=\".court-metrage\" title=\"Court-m\u00e9trage\">Court-m\u00e9trage<\/a><\/li><li class=\"hide\"><a href=\"#\" data-option-value=\".documentaire\" title=\"Documentaire\">Documentaire<\/a><\/li><li class=\"hide\"><a href=\"#\" data-option-value=\".publicite\" title=\"Publicit\u00e9\">Publicit\u00e9<\/a><\/li><li><a href=\"#\" data-option-value=\".short-film\" title=\"Short Film\">Short Film<\/a><\/li><\/ul>\n            <div class=\"video-list columns-3 style_2\">\n                                    <div class=\"video-item style_2 publicite short-film \" onclick=\"void(0)\">\n    <div class=\"video-image\">\n                <div class=\"video-thumbnail-video\">\n            <img loading=\"lazy\" decoding=\"async\" width=\"885\" height=\"530\" src=\"https:\/\/luisarturofreitez.com\/wp-content\/uploads\/2023\/05\/Sans-titre-35.png\" class=\"attachment-post-thumbnail size-post-thumbnail wp-post-image\" alt=\"\" srcset=\"https:\/\/luisarturofreitez.com\/wp-content\/uploads\/2023\/05\/Sans-titre-35.png 885w, https:\/\/luisarturofreitez.com\/wp-content\/uploads\/2023\/05\/Sans-titre-35-300x180.png 300w, https:\/\/luisarturofreitez.com\/wp-content\/uploads\/2023\/05\/Sans-titre-35-768x460.png 768w, https:\/\/luisarturofreitez.com\/wp-content\/uploads\/2023\/05\/Sans-titre-35-600x359.png 600w\" sizes=\"auto, (max-width: 885px) 100vw, 885px\" \/>            <video src=\"https:\/\/www.youtube.com\/watch?v=LdhP26FQaCo\"><\/video>\n        <\/div>\n                        <div class=\"video-icon\">\n            <a href=\"javascript:;\" class=\"view-video-button\" data-id=\"3905\" data-player=\"none\" data-server=\"youtube\"><\/a>\n        <\/div>\n            <\/div>\n    <div class=\"video-meta\">\n        <h3 class=\"video-title\"><a href=\"https:\/\/luisarturofreitez.com\/?haru_video=chupi-love-video-live\">Chuppy Love &#8211; Video Live<\/a><\/h3>\n        <div class=\"video-category\">\/ <a href=\"https:\/\/luisarturofreitez.com\/?video_category=publicite\" rel=\"tag\">Publicit\u00e9<\/a>, <a href=\"https:\/\/luisarturofreitez.com\/?video_category=short-film\" rel=\"tag\">Short Film<\/a><\/div>\n    <\/div>\n<\/div>                                    <div class=\"video-item style_2 bande-annonce \" onclick=\"void(0)\">\n    <div class=\"video-image\">\n        <img loading=\"lazy\" decoding=\"async\" width=\"885\" height=\"530\" src=\"https:\/\/luisarturofreitez.com\/wp-content\/uploads\/2023\/05\/The-blind-window.png\" class=\"attachment-post-thumbnail size-post-thumbnail wp-post-image\" alt=\"\" srcset=\"https:\/\/luisarturofreitez.com\/wp-content\/uploads\/2023\/05\/The-blind-window.png 885w, https:\/\/luisarturofreitez.com\/wp-content\/uploads\/2023\/05\/The-blind-window-300x180.png 300w, https:\/\/luisarturofreitez.com\/wp-content\/uploads\/2023\/05\/The-blind-window-768x460.png 768w, https:\/\/luisarturofreitez.com\/wp-content\/uploads\/2023\/05\/The-blind-window-600x359.png 600w\" sizes=\"auto, (max-width: 885px) 100vw, 885px\" \/>                <div class=\"video-icon\">\n            <a href=\"javascript:;\" class=\"view-video-button\" data-id=\"3694\" data-player=\"none\" data-server=\"youtube\"><\/a>\n        <\/div>\n            <\/div>\n    <div class=\"video-meta\">\n        <h3 class=\"video-title\"><a href=\"https:\/\/luisarturofreitez.com\/?haru_video=the-blind-window\">The blind window<\/a><\/h3>\n        <div class=\"video-category\">\/ <a href=\"https:\/\/luisarturofreitez.com\/?video_category=bande-annonce\" rel=\"tag\">Bande-annonce<\/a><\/div>\n    <\/div>\n<\/div>                                    <div class=\"video-item style_2 commercial documentaire \" onclick=\"void(0)\">\n    <div class=\"video-image\">\n                <div class=\"video-thumbnail-video\">\n            <img loading=\"lazy\" decoding=\"async\" width=\"885\" height=\"530\" src=\"https:\/\/luisarturofreitez.com\/wp-content\/uploads\/2023\/05\/CIEF.png\" class=\"attachment-post-thumbnail size-post-thumbnail wp-post-image\" alt=\"\" srcset=\"https:\/\/luisarturofreitez.com\/wp-content\/uploads\/2023\/05\/CIEF.png 885w, https:\/\/luisarturofreitez.com\/wp-content\/uploads\/2023\/05\/CIEF-300x180.png 300w, https:\/\/luisarturofreitez.com\/wp-content\/uploads\/2023\/05\/CIEF-768x460.png 768w, https:\/\/luisarturofreitez.com\/wp-content\/uploads\/2023\/05\/CIEF-600x359.png 600w\" sizes=\"auto, (max-width: 885px) 100vw, 885px\" \/>            <video src=\"https:\/\/youtu.be\/cNSh3A2xNFo\"><\/video>\n        <\/div>\n                        <div class=\"video-icon\">\n            <a href=\"javascript:;\" class=\"view-video-button\" data-id=\"3689\" data-player=\"none\" data-server=\"youtube\"><\/a>\n        <\/div>\n            <\/div>\n    <div class=\"video-meta\">\n        <h3 class=\"video-title\"><a href=\"https:\/\/luisarturofreitez.com\/?haru_video=stage-de-ete-du-cief\">Stage de \u00e9t\u00e9 du CIEF<\/a><\/h3>\n        <div class=\"video-category\">\/ <a href=\"https:\/\/luisarturofreitez.com\/?video_category=commercial\" rel=\"tag\">Commercial<\/a>, <a href=\"https:\/\/luisarturofreitez.com\/?video_category=documentaire\" rel=\"tag\">Documentaire<\/a><\/div>\n    <\/div>\n<\/div>                                    <div class=\"video-item style_2 court-metrage \" onclick=\"void(0)\">\n    <div class=\"video-image\">\n        <img loading=\"lazy\" decoding=\"async\" width=\"885\" height=\"530\" src=\"https:\/\/luisarturofreitez.com\/wp-content\/uploads\/2023\/05\/Lhomme-de-la-cave-1.png\" class=\"attachment-post-thumbnail size-post-thumbnail wp-post-image\" alt=\"\" srcset=\"https:\/\/luisarturofreitez.com\/wp-content\/uploads\/2023\/05\/Lhomme-de-la-cave-1.png 885w, https:\/\/luisarturofreitez.com\/wp-content\/uploads\/2023\/05\/Lhomme-de-la-cave-1-300x180.png 300w, https:\/\/luisarturofreitez.com\/wp-content\/uploads\/2023\/05\/Lhomme-de-la-cave-1-768x460.png 768w, https:\/\/luisarturofreitez.com\/wp-content\/uploads\/2023\/05\/Lhomme-de-la-cave-1-600x359.png 600w\" sizes=\"auto, (max-width: 885px) 100vw, 885px\" \/>                <div class=\"video-icon\">\n            <a href=\"javascript:;\" class=\"view-video-button\" data-id=\"3684\" data-player=\"none\" data-server=\"youtube\"><\/a>\n        <\/div>\n            <\/div>\n    <div class=\"video-meta\">\n        <h3 class=\"video-title\"><a href=\"https:\/\/luisarturofreitez.com\/?haru_video=lhomme-de-la-cave\">L&#8217;homme de la cave<\/a><\/h3>\n        <div class=\"video-category\">\/ <a href=\"https:\/\/luisarturofreitez.com\/?video_category=court-metrage\" rel=\"tag\">Court-m\u00e9trage<\/a><\/div>\n    <\/div>\n<\/div>                                    <div class=\"video-item style_2 court-metrage \" onclick=\"void(0)\">\n    <div class=\"video-image\">\n                <div class=\"video-thumbnail-slideshow\" data-speed=\"1000\">\n            <img decoding=\"async\" src=\"https:\/\/luisarturofreitez.com\/wp-content\/uploads\/2023\/05\/The-last-thing-i-heard.png\" alt=\"The Last Thing I heard\">\n                    <\/div>\n                        <div class=\"video-icon\">\n            <a href=\"javascript:;\" class=\"view-video-button\" data-id=\"38\" data-player=\"none\" data-server=\"youtube\"><\/a>\n        <\/div>\n            <\/div>\n    <div class=\"video-meta\">\n        <h3 class=\"video-title\"><a href=\"https:\/\/luisarturofreitez.com\/?haru_video=my-dream-stranger\">The Last Thing I heard<\/a><\/h3>\n        <div class=\"video-category\">\/ <a href=\"https:\/\/luisarturofreitez.com\/?video_category=court-metrage\" rel=\"tag\">Court-m\u00e9trage<\/a><\/div>\n    <\/div>\n<\/div>                            <\/div>\n        <\/div>\n    <\/div>\n            <\/div>  \n\n        [\/vc_column_inner][\/vc_row_inner][\/vc_column][\/vc_row][vc_row full_width=&#8221;stretch_row&#8221; css=&#8221;.vc_custom_1533627336823{padding-bottom: 6% !important;background-image: url(https:\/\/luisarturofreitez.com\/wp-content\/uploads\/2018\/08\/about-me-let-make.jpg?id=2557) !important;background-position: center !important;background-repeat: no-repeat !important;background-size: cover !important;}&#8221;][vc_column width=&#8221;2\/3&#8243;][vc_row_inner][vc_column_inner][vc_custom_heading heading_style=&#8221;heading_style_15&#8243; text=&#8221;Let&#8217;s make&#8221; font_container=&#8221;tag:h2|text_align:center&#8221; use_theme_fonts=&#8221;yes&#8221; el_class=&#8221;about-me&#8221;][vc_custom_heading heading_style=&#8221;heading_style_13&#8243; text=&#8221;Greatthing together&#8221; font_container=&#8221;tag:h2|text_align:center|color:%23ffffff&#8221; use_theme_fonts=&#8221;yes&#8221; el_class=&#8221;fw-700 text-upper&#8221; css=&#8221;.vc_custom_1533627195587{margin-top: 10px !important;}&#8221;][\/vc_column_inner][\/vc_row_inner][\/vc_column][vc_column width=&#8221;1\/3&#8243;][\/vc_column][\/vc_row]<\/p>\n<\/section>","protected":false},"excerpt":{"rendered":"<p>[vc_row full_width=&#8221;stretch_row&#8221; css=&#8221;.vc_custom_1683590840859{padding-top: 25% !important;padding-bottom: 25% !important;background-image: url(https:\/\/luisarturofreitez.com\/wp-content\/uploads\/2023\/05\/8f81b494-6cd3-42e7-bf21-f7fa90cdd9ea-1.png?id=3844) !important;background-position: center !important;background-repeat: no-repeat !important;background-size: cover !important;}&#8221;][vc_column][vc_row_inner][vc_column_inner][vc_custom_heading heading_style=&#8221;heading_style_4&#8243; text=&#8221;Luis Arturo Freitez&#8221; font_container=&#8221;tag:h2|text_align:center|color:%23ffffff&#8221; use_theme_fonts=&#8221;yes&#8221; css=&#8221;.vc_custom_1683587492755{padding-bottom: 2% !important;}&#8221; el_class=&#8221;fs-100&#8243;][vc_custom_heading heading_style=&#8221;heading_style_1&#8243; text=&#8221;DP | Director | Filmmaker&#8221; font_container=&#8221;tag:h2|text_align:center|color:%23ffffff&#8221; use_theme_fonts=&#8221;yes&#8221;][\/vc_column_inner][\/vc_row_inner][\/vc_column][\/vc_row][vc_row css=&#8221;.vc_custom_1533626221625{padding-top: 5% !important;padding-bottom: 10% !important;}&#8221;][vc_column][vc_row_inner][vc_column_inner width=&#8221;1\/4&#8243;][\/vc_column_inner][vc_column_inner width=&#8221;1\/4&#8243;][\/vc_column_inner][vc_column_inner width=&#8221;1\/4&#8243;][\/vc_column_inner][vc_column_inner width=&#8221;1\/4&#8243;][\/vc_column_inner][\/vc_row_inner][\/vc_column][\/vc_row][vc_row css=&#8221;.vc_custom_1533626259727{padding-bottom: 8% !important;}&#8221;][vc_column][vc_row_inner][vc_column_inner][\/vc_column_inner][\/vc_row_inner][\/vc_column][\/vc_row][vc_row css=&#8221;.vc_custom_1533626661634{padding-bottom: 6% !important;}&#8221;][vc_column width=&#8221;1\/2&#8243;][vc_row_inner][vc_column_inner][vc_custom_heading heading_style=&#8221;heading_style_5&#8243; text=&#8221;(M.A.) pour les longs m\u00e9trages, [&hellip;]<\/p>\n","protected":false},"author":1,"featured_media":3836,"parent":0,"menu_order":0,"comment_status":"closed","ping_status":"closed","template":"","meta":{"footnotes":""},"class_list":["post-2460","page","type-page","status-publish","has-post-thumbnail","hentry","clearfix"],"_links":{"self":[{"href":"https:\/\/luisarturofreitez.com\/index.php?rest_route=\/wp\/v2\/pages\/2460","targetHints":{"allow":["GET"]}}],"collection":[{"href":"https:\/\/luisarturofreitez.com\/index.php?rest_route=\/wp\/v2\/pages"}],"about":[{"href":"https:\/\/luisarturofreitez.com\/index.php?rest_route=\/wp\/v2\/types\/page"}],"author":[{"embeddable":true,"href":"https:\/\/luisarturofreitez.com\/index.php?rest_route=\/wp\/v2\/users\/1"}],"replies":[{"embeddable":true,"href":"https:\/\/luisarturofreitez.com\/index.php?rest_route=%2Fwp%2Fv2%2Fcomments&post=2460"}],"version-history":[{"count":21,"href":"https:\/\/luisarturofreitez.com\/index.php?rest_route=\/wp\/v2\/pages\/2460\/revisions"}],"predecessor-version":[{"id":3856,"href":"https:\/\/luisarturofreitez.com\/index.php?rest_route=\/wp\/v2\/pages\/2460\/revisions\/3856"}],"wp:featuredmedia":[{"embeddable":true,"href":"https:\/\/luisarturofreitez.com\/index.php?rest_route=\/wp\/v2\/media\/3836"}],"wp:attachment":[{"href":"https:\/\/luisarturofreitez.com\/index.php?rest_route=%2Fwp%2Fv2%2Fmedia&parent=2460"}],"curies":[{"name":"wp","href":"https:\/\/api.w.org\/{rel}","templated":true}]}}